{"id":32,"date":"2016-07-07T17:39:14","date_gmt":"2016-07-07T15:39:14","guid":{"rendered":"http:\/\/lozt.free.fr\/miroir\/?page_id=32"},"modified":"2023-09-28T12:04:55","modified_gmt":"2023-09-28T10:04:55","slug":"a-propos","status":"publish","type":"page","link":"https:\/\/www.lozt.fr\/","title":{"rendered":"Avant-propos"},"content":{"rendered":"\n<div class=\"wp-block-columns is-layout-flex wp-container-core-columns-is-layout-9d6595d7 wp-block-columns-is-layout-flex\">\n<div class=\"wp-block-column is-layout-flow wp-block-column-is-layout-flow\" style=\"flex-basis:100%\">\n<div class=\"wp-block-media-text is-stacked-on-mobile\"><figure class=\"wp-block-media-text__media\"><img data-recalc-dims=\"1\" loading=\"lazy\" decoding=\"async\" width=\"1024\" height=\"1024\" data-attachment-id=\"1638\" data-permalink=\"https:\/\/www.lozt.fr\/index.php\/a-propos\/lozt_a_photorealistic_kangaroo_with_glasses_d103228d-64d2-4da0-9d12-d74000e86bff\/\" data-orig-file=\"https:\/\/i0.wp.com\/www.lozt.fr\/wp-content\/uploads\/2023\/09\/Lozt_a_photorealistic_kangaroo_with_glasses_d103228d-64d2-4da0-9d12-d74000e86bff.png?fit=1024%2C1024&amp;ssl=1\" data-orig-size=\"1024,1024\" data-comments-opened=\"0\" data-image-meta=\"{&quot;aperture&quot;:&quot;0&quot;,&quot;credit&quot;:&quot;&quot;,&quot;camera&quot;:&quot;&quot;,&quot;caption&quot;:&quot;&quot;,&quot;created_timestamp&quot;:&quot;0&quot;,&quot;copyright&quot;:&quot;&quot;,&quot;focal_length&quot;:&quot;0&quot;,&quot;iso&quot;:&quot;0&quot;,&quot;shutter_speed&quot;:&quot;0&quot;,&quot;title&quot;:&quot;&quot;,&quot;orientation&quot;:&quot;0&quot;}\" data-image-title=\"Lozt_a_photorealistic_kangaroo_with_glasses_d103228d-64d2-4da0-9d12-d74000e86bff\" data-image-description=\"\" data-image-caption=\"\" data-large-file=\"https:\/\/i0.wp.com\/www.lozt.fr\/wp-content\/uploads\/2023\/09\/Lozt_a_photorealistic_kangaroo_with_glasses_d103228d-64d2-4da0-9d12-d74000e86bff.png?fit=1024%2C1024&amp;ssl=1\" src=\"https:\/\/i0.wp.com\/www.lozt.fr\/wp-content\/uploads\/2023\/09\/Lozt_a_photorealistic_kangaroo_with_glasses_d103228d-64d2-4da0-9d12-d74000e86bff.png?resize=1024%2C1024&#038;ssl=1\" alt=\"\" class=\"wp-image-1638 size-full\" srcset=\"https:\/\/i0.wp.com\/www.lozt.fr\/wp-content\/uploads\/2023\/09\/Lozt_a_photorealistic_kangaroo_with_glasses_d103228d-64d2-4da0-9d12-d74000e86bff.png?w=1024&amp;ssl=1 1024w, https:\/\/i0.wp.com\/www.lozt.fr\/wp-content\/uploads\/2023\/09\/Lozt_a_photorealistic_kangaroo_with_glasses_d103228d-64d2-4da0-9d12-d74000e86bff.png?resize=300%2C300&amp;ssl=1 300w, https:\/\/i0.wp.com\/www.lozt.fr\/wp-content\/uploads\/2023\/09\/Lozt_a_photorealistic_kangaroo_with_glasses_d103228d-64d2-4da0-9d12-d74000e86bff.png?resize=150%2C150&amp;ssl=1 150w, https:\/\/i0.wp.com\/www.lozt.fr\/wp-content\/uploads\/2023\/09\/Lozt_a_photorealistic_kangaroo_with_glasses_d103228d-64d2-4da0-9d12-d74000e86bff.png?resize=768%2C768&amp;ssl=1 768w, https:\/\/i0.wp.com\/www.lozt.fr\/wp-content\/uploads\/2023\/09\/Lozt_a_photorealistic_kangaroo_with_glasses_d103228d-64d2-4da0-9d12-d74000e86bff.png?resize=590%2C590&amp;ssl=1 590w, https:\/\/i0.wp.com\/www.lozt.fr\/wp-content\/uploads\/2023\/09\/Lozt_a_photorealistic_kangaroo_with_glasses_d103228d-64d2-4da0-9d12-d74000e86bff.png?resize=50%2C50&amp;ssl=1 50w\" sizes=\"auto, (max-width: 1024px) 100vw, 1024px\" \/><\/figure><div class=\"wp-block-media-text__content\">\n<p class=\"has-text-align-left\">Ce nouveau travail de blog cherche non \u00e0 r\u00e9pondre \u00e0 un questionnement, mais \u00e0 ouvrir plusieurs questions &#8211; dont celle des m\u00e9tamorphoses de la \u00ab\u00a0culture\u00a0\u00bb \u00e0 l&rsquo;\u00e8re num\u00e9rique. Car en parall\u00e8le \u00e0 ces nouveaux acc\u00e8s aux savoirs ouverts par les nouvelles technologies, et accompagnant ce bouleversement in\u00e9dit du rapport de l&rsquo;individu \u00e0 la m\u00e9moire collective, il y a cet \u00e9miettement du sujet, de nouvelles captations d&rsquo;attentions, de nouvelles formes d&rsquo;ali\u00e9nations par discontinuit\u00e9s attentives.<\/p>\n<\/div><\/div>\n<\/div>\n<\/div>\n\n\n\n<p>Alors, disons qu&rsquo;on trouvera ici, en \u00e9cho \u00e0 l&rsquo;\u00e9laboration du livre <a href=\"https:\/\/artspo-livresaudio.store\/index.php\/produit\/les-voyages-ordinaires-i-roman\/\" target=\"_blank\" rel=\"noopener\"><em>les Voyages ordinaires <\/em><\/a>et de ses quatre tomes pr\u00e9vus,&nbsp; en \u00e9cho \u00e0 l&rsquo;actualit\u00e9 des nouvelles \u00e9critures, au travail musical en cours, \u00e0 l&rsquo;actualit\u00e9 des projets de m\u00e9diation culturelle men\u00e9s, \u00e0 l&rsquo;actualit\u00e9 politique aussi, en \u00e9cho aux bouleversements technologiques et sonores de nos soci\u00e9t\u00e9s, une fa\u00e7on de reprendre pieds, par le fragment et la fragmentation po\u00e9tique, dans la discontinuit\u00e9 non pas d&rsquo;une vision, mais d&rsquo;un raisonnement &#8211; comme lorsque, le soir, au moment de s&rsquo;endormir, la conscience cherche \u00e0 faire le point &#8211; sur ce qui a \u00e9t\u00e9 v\u00e9cu et d\u00e9j\u00e0 dispara\u00eet.<\/p>\n\n\n\n<p><br><strong>Fran\u00e7ois LOZET<\/strong><\/p>\n","protected":false},"excerpt":{"rendered":"<p>Ce nouveau travail de blog cherche non \u00e0 r\u00e9pondre \u00e0 un questionnement, mais \u00e0 ouvrir plusieurs questions &#8211; dont celle des m\u00e9tamorphoses de la \u00ab\u00a0culture\u00a0\u00bb \u00e0 l&rsquo;\u00e8re num\u00e9rique. Car en parall\u00e8le \u00e0 ces nouveaux acc\u00e8s aux savoirs ouverts par les nouvelles technologies, et accompagnant ce bouleversement in\u00e9dit du rapport de l&rsquo;individu \u00e0 la m\u00e9moire collective, [&hellip;]<\/p>\n","protected":false},"author":2,"featured_media":1642,"parent":0,"menu_order":0,"comment_status":"closed","ping_status":"closed","template":"","meta":{"jetpack_post_was_ever_published":false,"footnotes":""},"tags":[],"class_list":["post-32","page","type-page","status-publish","has-post-thumbnail","hentry"],"jetpack_sharing_enabled":true,"jetpack_shortlink":"https:\/\/wp.me\/P7KBXa-w","jetpack-related-posts":[{"id":725,"url":"https:\/\/www.lozt.fr\/index.php\/mentions-legales\/","url_meta":{"origin":32,"position":0},"title":"Mentions l\u00e9gales","author":"Fran\u00e7ois Lozet","date":"1 mars 2018","format":false,"excerpt":"1. Pr\u00e9sentation du site. En vertu de l'article 6 de la loi n\u00b0 2004-575 du 21 juin 2004 pour la confiance dans l'\u00e9conomie num\u00e9rique, il est pr\u00e9cis\u00e9 aux utilisateurs du site Paysages d'aujourd'hui l'identit\u00e9 des diff\u00e9rents intervenants dans le cadre de sa r\u00e9alisation et de son suivi : Propri\u00e9taire :\u2026","rel":"","context":"Article similaire","block_context":{"text":"Article similaire","link":""},"img":{"alt_text":"","src":"","width":0,"height":0},"classes":[]},{"id":1012,"url":"https:\/\/www.lozt.fr\/index.php\/politique-de-confidentialite\/","url_meta":{"origin":32,"position":1},"title":"Politique de confidentialit\u00e9","author":"Fran\u00e7ois Lozet","date":"9 janvier 2020","format":false,"excerpt":"Qui sommes-nous\u00a0? L\u2019adresse de notre site Web est\u00a0: https:\/\/www.lozt.fr. Utilisation des donn\u00e9es personnelles collect\u00e9es Commentaires Quand vous laissez un commentaire sur notre site web, les donn\u00e9es inscrites dans le formulaire de commentaire, mais aussi votre adresse IP et l\u2019agent utilisateur de votre navigateur sont collect\u00e9s pour nous aider \u00e0 la\u2026","rel":"","context":"Article similaire","block_context":{"text":"Article similaire","link":""},"img":{"alt_text":"","src":"","width":0,"height":0},"classes":[]},{"id":103,"url":"https:\/\/www.lozt.fr\/index.php\/a-propos-de-lauteur\/","url_meta":{"origin":32,"position":2},"title":"A propos de l&rsquo;auteur","author":"Fran\u00e7ois Lozet","date":"12 juillet 2016","format":false,"excerpt":"Fran\u00e7ois Lozet. Un peu du tout. Auteur, compositeur. Directeur artistique, romancier, sc\u00e9nariste pour les nouveaux m\u00e9dias. Charg\u00e9 de cours \u00e0 Paris XIII.","rel":"","context":"Article similaire","block_context":{"text":"Article similaire","link":""},"img":{"alt_text":"","src":"https:\/\/i0.wp.com\/www.lozt.fr\/wp-content\/uploads\/2023\/09\/Lozt_a_portrait_of_a_man_reading_vermeers_paint_like_c296c756-2fdb-4943-8666-608a1308b5b1.png?fit=1024%2C1024&ssl=1&resize=350%2C200","width":350,"height":200,"srcset":"https:\/\/i0.wp.com\/www.lozt.fr\/wp-content\/uploads\/2023\/09\/Lozt_a_portrait_of_a_man_reading_vermeers_paint_like_c296c756-2fdb-4943-8666-608a1308b5b1.png?fit=1024%2C1024&ssl=1&resize=350%2C200 1x, https:\/\/i0.wp.com\/www.lozt.fr\/wp-content\/uploads\/2023\/09\/Lozt_a_portrait_of_a_man_reading_vermeers_paint_like_c296c756-2fdb-4943-8666-608a1308b5b1.png?fit=1024%2C1024&ssl=1&resize=525%2C300 1.5x, https:\/\/i0.wp.com\/www.lozt.fr\/wp-content\/uploads\/2023\/09\/Lozt_a_portrait_of_a_man_reading_vermeers_paint_like_c296c756-2fdb-4943-8666-608a1308b5b1.png?fit=1024%2C1024&ssl=1&resize=700%2C400 2x"},"classes":[]}],"_links":{"self":[{"href":"https:\/\/www.lozt.fr\/index.php\/wp-json\/wp\/v2\/pages\/32","targetHints":{"allow":["GET"]}}],"collection":[{"href":"https:\/\/www.lozt.fr\/index.php\/wp-json\/wp\/v2\/pages"}],"about":[{"href":"https:\/\/www.lozt.fr\/index.php\/wp-json\/wp\/v2\/types\/page"}],"author":[{"embeddable":true,"href":"https:\/\/www.lozt.fr\/index.php\/wp-json\/wp\/v2\/users\/2"}],"replies":[{"embeddable":true,"href":"https:\/\/www.lozt.fr\/index.php\/wp-json\/wp\/v2\/comments?post=32"}],"version-history":[{"count":17,"href":"https:\/\/www.lozt.fr\/index.php\/wp-json\/wp\/v2\/pages\/32\/revisions"}],"predecessor-version":[{"id":1668,"href":"https:\/\/www.lozt.fr\/index.php\/wp-json\/wp\/v2\/pages\/32\/revisions\/1668"}],"wp:featuredmedia":[{"embeddable":true,"href":"https:\/\/www.lozt.fr\/index.php\/wp-json\/wp\/v2\/media\/1642"}],"wp:attachment":[{"href":"https:\/\/www.lozt.fr\/index.php\/wp-json\/wp\/v2\/media?parent=32"}],"wp:term":[{"taxonomy":"post_tag","embeddable":true,"href":"https:\/\/www.lozt.fr\/index.php\/wp-json\/wp\/v2\/tags?post=32"}],"curies":[{"name":"wp","href":"https:\/\/api.w.org\/{rel}","templated":true}]}}